{"id":1354,"date":"2024-11-27T07:15:39","date_gmt":"2024-11-27T04:15:39","guid":{"rendered":"https:\/\/www.incomarinspection.com\/bulk-pack-cargo\/"},"modified":"2024-11-27T07:15:39","modified_gmt":"2024-11-27T04:15:39","slug":"bulk-pack-cargo","status":"publish","type":"page","link":"https:\/\/www.incomarinspection.com\/en\/inspection-services\/dry-cargo\/bulk-pack-cargo\/","title":{"rendered":"Bulk &#038; Pack Cargo"},"content":{"rendered":"<div class=\"wpb_text_column wpb_content_element \">\n<div class=\"wpb_wrapper\">\n<p>\u00dcr\u00fcn \u00c7e\u015fitlerine G\u00f6re Y\u00fckleme ve tahliye operasyonlar\u0131na nezaret edilerek Miktar ve Kalite g\u00f6zetim Servislerimiz,<\/p>\n<ul>\n<li>Lot numunesi al\u0131nmas\u0131<\/li>\n<li>Numunelerin analize haz\u0131rlanmas\u0131<\/li>\n<li>Haz\u0131rlanan numunelerin labaratuara sevk edilmesi<\/li>\n<li>Analizlere nezaret<\/li>\n<li>Kantar g\u00f6zetimi<\/li>\n<li>Draft survey<\/li>\n<li>Kargo hasar surveyi<\/li>\n<li>M\u00fch\u00fcrleme \/ m\u00fch\u00fcr a\u00e7ma<\/li>\n<\/ul>\n<\/div>\n<\/div>\n<div class=\"wpb_text_column wpb_content_element \">\n<div class=\"wpb_wrapper\">\n<p><a href=\"https:\/\/www.incomarinspection.com\/iletisim\/\">Detayl\u0131 bilgi ve sorular\u0131n\u0131z i\u00e7in bizimle ileti\u015fime ge\u00e7ebilirsiniz.<\/a><\/p>\n<\/div>\n<\/div>\n","protected":false},"excerpt":{"rendered":"<p>\u00dcr\u00fcn \u00c7e\u015fitlerine G\u00f6re Y\u00fckleme ve tahliye operasyonlar\u0131na nezaret edilerek Miktar ve Kalite g\u00f6zetim Servislerimiz, Lot numunesi al\u0131nmas\u0131 Numunelerin analize haz\u0131rlanmas\u0131 Haz\u0131rlanan numunelerin labaratuara sevk edilmesi Analizlere nezaret Kantar g\u00f6zetimi Draft survey Kargo hasar surveyi M\u00fch\u00fcrleme \/ m\u00fch\u00fcr a\u00e7ma Detayl\u0131 bilgi ve sorular\u0131n\u0131z i\u00e7in bizimle ileti\u015fime ge\u00e7ebilirsiniz.<\/p>\n","protected":false},"author":1,"featured_media":0,"parent":1293,"menu_order":0,"comment_status":"closed","ping_status":"closed","template":"","meta":{"footnotes":""},"class_list":["post-1354","page","type-page","status-publish","hentry","has-post-title","has-post-date","has-post-category","has-post-tag","has-post-comment","has-post-author",""],"yoast_head":"<!-- This site is optimized with the Yoast SEO plugin v26.6 - https:\/\/yoast.com\/wordpress\/plugins\/seo\/ -->\n<title>Bulk &amp; Pack Cargo - Incomar Inspection<\/title>\n<meta name=\"robots\" content=\"index, follow, max-snippet:-1, max-image-preview:large, max-video-preview:-1\" \/>\n<link rel=\"canonical\" href=\"https:\/\/www.incomarinspection.com\/gozetim-hizmetleri\/kuru-yukler\/dokme-paketli-yukler\/\" \/>\n<meta property=\"og:locale\" content=\"en_US\" \/>\n<meta property=\"og:type\" content=\"article\" \/>\n<meta property=\"og:title\" content=\"Bulk &amp; Pack Cargo - Incomar Inspection\" \/>\n<meta property=\"og:description\" content=\"\u00dcr\u00fcn \u00c7e\u015fitlerine G\u00f6re Y\u00fckleme ve tahliye operasyonlar\u0131na nezaret edilerek Miktar ve Kalite g\u00f6zetim Servislerimiz, Lot numunesi al\u0131nmas\u0131 Numunelerin analize haz\u0131rlanmas\u0131 Haz\u0131rlanan numunelerin labaratuara sevk edilmesi Analizlere nezaret Kantar g\u00f6zetimi Draft survey Kargo hasar surveyi M\u00fch\u00fcrleme \/ m\u00fch\u00fcr a\u00e7ma Detayl\u0131 bilgi ve sorular\u0131n\u0131z i\u00e7in bizimle ileti\u015fime ge\u00e7ebilirsiniz.\" \/>\n<meta property=\"og:url\" content=\"https:\/\/www.incomarinspection.com\/gozetim-hizmetleri\/kuru-yukler\/dokme-paketli-yukler\/\" \/>\n<meta property=\"og:site_name\" content=\"Incomar Inspection\" \/>\n<meta name=\"twitter:card\" content=\"summary_large_image\" \/>\n<script type=\"application\/ld+json\" class=\"yoast-schema-graph\">{\"@context\":\"https:\/\/schema.org\",\"@graph\":[{\"@type\":\"WebPage\",\"@id\":\"https:\/\/www.incomarinspection.com\/gozetim-hizmetleri\/kuru-yukler\/dokme-paketli-yukler\/\",\"url\":\"https:\/\/www.incomarinspection.com\/gozetim-hizmetleri\/kuru-yukler\/dokme-paketli-yukler\/\",\"name\":\"Bulk & Pack Cargo - Incomar Inspection\",\"isPartOf\":{\"@id\":\"https:\/\/www.incomarinspection.com\/#website\"},\"datePublished\":\"2024-11-27T04:15:39+00:00\",\"breadcrumb\":{\"@id\":\"https:\/\/www.incomarinspection.com\/gozetim-hizmetleri\/kuru-yukler\/dokme-paketli-yukler\/#breadcrumb\"},\"inLanguage\":\"en-US\",\"potentialAction\":[{\"@type\":\"ReadAction\",\"target\":[\"https:\/\/www.incomarinspection.com\/gozetim-hizmetleri\/kuru-yukler\/dokme-paketli-yukler\/\"]}]},{\"@type\":\"BreadcrumbList\",\"@id\":\"https:\/\/www.incomarinspection.com\/gozetim-hizmetleri\/kuru-yukler\/dokme-paketli-yukler\/#breadcrumb\",\"itemListElement\":[{\"@type\":\"ListItem\",\"position\":1,\"name\":\"Anasayfa\",\"item\":\"https:\/\/www.incomarinspection.com\/en\/\"},{\"@type\":\"ListItem\",\"position\":2,\"name\":\"Inspection Services\",\"item\":\"https:\/\/www.incomarinspection.com\/en\/inspection-services\/\"},{\"@type\":\"ListItem\",\"position\":3,\"name\":\"Dry Cargo\",\"item\":\"https:\/\/www.incomarinspection.com\/en\/inspection-services\/dry-cargo\/\"},{\"@type\":\"ListItem\",\"position\":4,\"name\":\"Bulk &#038; Pack Cargo\"}]},{\"@type\":\"WebSite\",\"@id\":\"https:\/\/www.incomarinspection.com\/#website\",\"url\":\"https:\/\/www.incomarinspection.com\/\",\"name\":\"Incomar Inspection\",\"description\":\"\",\"publisher\":{\"@id\":\"https:\/\/www.incomarinspection.com\/#organization\"},\"potentialAction\":[{\"@type\":\"SearchAction\",\"target\":{\"@type\":\"EntryPoint\",\"urlTemplate\":\"https:\/\/www.incomarinspection.com\/?s={search_term_string}\"},\"query-input\":{\"@type\":\"PropertyValueSpecification\",\"valueRequired\":true,\"valueName\":\"search_term_string\"}}],\"inLanguage\":\"en-US\"},{\"@type\":\"Organization\",\"@id\":\"https:\/\/www.incomarinspection.com\/#organization\",\"name\":\"Incomar Inspection\",\"url\":\"https:\/\/www.incomarinspection.com\/\",\"logo\":{\"@type\":\"ImageObject\",\"inLanguage\":\"en-US\",\"@id\":\"https:\/\/www.incomarinspection.com\/#\/schema\/logo\/image\/\",\"url\":\"https:\/\/www.incomarinspection.com\/wp-content\/uploads\/2024\/11\/imcomar-logo-beyaz.png\",\"contentUrl\":\"https:\/\/www.incomarinspection.com\/wp-content\/uploads\/2024\/11\/imcomar-logo-beyaz.png\",\"width\":377,\"height\":100,\"caption\":\"Incomar Inspection\"},\"image\":{\"@id\":\"https:\/\/www.incomarinspection.com\/#\/schema\/logo\/image\/\"}}]}<\/script>\n<!-- \/ Yoast SEO plugin. -->","yoast_head_json":{"title":"Bulk & Pack Cargo - Incomar Inspection","robots":{"index":"index","follow":"follow","max-snippet":"max-snippet:-1","max-image-preview":"max-image-preview:large","max-video-preview":"max-video-preview:-1"},"canonical":"https:\/\/www.incomarinspection.com\/gozetim-hizmetleri\/kuru-yukler\/dokme-paketli-yukler\/","og_locale":"en_US","og_type":"article","og_title":"Bulk & Pack Cargo - Incomar Inspection","og_description":"\u00dcr\u00fcn \u00c7e\u015fitlerine G\u00f6re Y\u00fckleme ve tahliye operasyonlar\u0131na nezaret edilerek Miktar ve Kalite g\u00f6zetim Servislerimiz, Lot numunesi al\u0131nmas\u0131 Numunelerin analize haz\u0131rlanmas\u0131 Haz\u0131rlanan numunelerin labaratuara sevk edilmesi Analizlere nezaret Kantar g\u00f6zetimi Draft survey Kargo hasar surveyi M\u00fch\u00fcrleme \/ m\u00fch\u00fcr a\u00e7ma Detayl\u0131 bilgi ve sorular\u0131n\u0131z i\u00e7in bizimle ileti\u015fime ge\u00e7ebilirsiniz.","og_url":"https:\/\/www.incomarinspection.com\/gozetim-hizmetleri\/kuru-yukler\/dokme-paketli-yukler\/","og_site_name":"Incomar Inspection","twitter_card":"summary_large_image","schema":{"@context":"https:\/\/schema.org","@graph":[{"@type":"WebPage","@id":"https:\/\/www.incomarinspection.com\/gozetim-hizmetleri\/kuru-yukler\/dokme-paketli-yukler\/","url":"https:\/\/www.incomarinspection.com\/gozetim-hizmetleri\/kuru-yukler\/dokme-paketli-yukler\/","name":"Bulk & Pack Cargo - Incomar Inspection","isPartOf":{"@id":"https:\/\/www.incomarinspection.com\/#website"},"datePublished":"2024-11-27T04:15:39+00:00","breadcrumb":{"@id":"https:\/\/www.incomarinspection.com\/gozetim-hizmetleri\/kuru-yukler\/dokme-paketli-yukler\/#breadcrumb"},"inLanguage":"en-US","potentialAction":[{"@type":"ReadAction","target":["https:\/\/www.incomarinspection.com\/gozetim-hizmetleri\/kuru-yukler\/dokme-paketli-yukler\/"]}]},{"@type":"BreadcrumbList","@id":"https:\/\/www.incomarinspection.com\/gozetim-hizmetleri\/kuru-yukler\/dokme-paketli-yukler\/#breadcrumb","itemListElement":[{"@type":"ListItem","position":1,"name":"Anasayfa","item":"https:\/\/www.incomarinspection.com\/en\/"},{"@type":"ListItem","position":2,"name":"Inspection Services","item":"https:\/\/www.incomarinspection.com\/en\/inspection-services\/"},{"@type":"ListItem","position":3,"name":"Dry Cargo","item":"https:\/\/www.incomarinspection.com\/en\/inspection-services\/dry-cargo\/"},{"@type":"ListItem","position":4,"name":"Bulk &#038; Pack Cargo"}]},{"@type":"WebSite","@id":"https:\/\/www.incomarinspection.com\/#website","url":"https:\/\/www.incomarinspection.com\/","name":"Incomar Inspection","description":"","publisher":{"@id":"https:\/\/www.incomarinspection.com\/#organization"},"potentialAction":[{"@type":"SearchAction","target":{"@type":"EntryPoint","urlTemplate":"https:\/\/www.incomarinspection.com\/?s={search_term_string}"},"query-input":{"@type":"PropertyValueSpecification","valueRequired":true,"valueName":"search_term_string"}}],"inLanguage":"en-US"},{"@type":"Organization","@id":"https:\/\/www.incomarinspection.com\/#organization","name":"Incomar Inspection","url":"https:\/\/www.incomarinspection.com\/","logo":{"@type":"ImageObject","inLanguage":"en-US","@id":"https:\/\/www.incomarinspection.com\/#\/schema\/logo\/image\/","url":"https:\/\/www.incomarinspection.com\/wp-content\/uploads\/2024\/11\/imcomar-logo-beyaz.png","contentUrl":"https:\/\/www.incomarinspection.com\/wp-content\/uploads\/2024\/11\/imcomar-logo-beyaz.png","width":377,"height":100,"caption":"Incomar Inspection"},"image":{"@id":"https:\/\/www.incomarinspection.com\/#\/schema\/logo\/image\/"}}]}},"_links":{"self":[{"href":"https:\/\/www.incomarinspection.com\/en\/wp-json\/wp\/v2\/pages\/1354","targetHints":{"allow":["GET"]}}],"collection":[{"href":"https:\/\/www.incomarinspection.com\/en\/wp-json\/wp\/v2\/pages"}],"about":[{"href":"https:\/\/www.incomarinspection.com\/en\/wp-json\/wp\/v2\/types\/page"}],"author":[{"embeddable":true,"href":"https:\/\/www.incomarinspection.com\/en\/wp-json\/wp\/v2\/users\/1"}],"replies":[{"embeddable":true,"href":"https:\/\/www.incomarinspection.com\/en\/wp-json\/wp\/v2\/comments?post=1354"}],"version-history":[{"count":0,"href":"https:\/\/www.incomarinspection.com\/en\/wp-json\/wp\/v2\/pages\/1354\/revisions"}],"up":[{"embeddable":true,"href":"https:\/\/www.incomarinspection.com\/en\/wp-json\/wp\/v2\/pages\/1293"}],"wp:attachment":[{"href":"https:\/\/www.incomarinspection.com\/en\/wp-json\/wp\/v2\/media?parent=1354"}],"curies":[{"name":"wp","href":"https:\/\/api.w.org\/{rel}","templated":true}]}}