{"id":1483,"date":"2024-11-27T08:19:48","date_gmt":"2024-11-27T05:19:48","guid":{"rendered":"https:\/\/www.incomarinspection.com\/contact\/"},"modified":"2025-12-15T17:40:27","modified_gmt":"2025-12-15T14:40:27","slug":"contact","status":"publish","type":"page","link":"https:\/\/www.incomarinspection.com\/en\/contact\/","title":{"rendered":"Contact"},"content":{"rendered":"<!--themify_builder_content-->\n<div id=\"themify_builder_content-1483\" data-postid=\"1483\" class=\"themify_builder_content themify_builder_content-1483 themify_builder tf_clear\">\n                    <div  data-lazy=\"1\" class=\"module_row themify_builder_row tb_kzkb314 tb_first tf_w\">\n                        <div class=\"row_inner col_align_top tb_col_count_2 tf_box tf_rel\">\n                        <div  data-lazy=\"1\" class=\"module_column tb-column col4-2 tb_fgct314 first\">\n                    <!-- module contact -->\n<div  id=\"tb_kc3j188\" class=\"module module-contact tb_kc3j188 contact-style1 \" data-lazy=\"1\">\n    \n\t<form class=\"builder-contact\"\n\t\tid=\"tb_kc3j188-form\"\n\t\tmethod=\"post\"\n\t\tdata-post-id=\"1483\"\n\t\tdata-element-id=\"kc3j188\"\n\t\tdata-orig-id=\"1483\"\n\t>\n    <div class=\"contact-message\"><\/div>\n\t<div class=\"builder-contact-fields tf_rel\">\n\t\t    \t\t    <div class=\"builder-contact-field builder-contact-field-name builder-contact-text-field\">\n\t\t\t    <label class=\"control-label\" for=\"tb_kc3j188-contact-name\">\n\t\t\t\t\t\t\t\t\t\t<span class=\"tb-label-span\">Name <\/span><span class=\"required\">*<\/span>\t\t\t\t<\/label>\n\t\t\t    <div class=\"control-input tf_rel\">\n\t\t\t\t    \t\t\t\t\t    <input type=\"text\" name=\"contact-name\" placeholder=\"\" id=\"tb_kc3j188-contact-name\" value=\"\" class=\"form-control\" required>\n\t\t\t\t    \t\t\t\t    \t\t\t    <\/div>\n\t\t<\/div>\n\t    \n\t\t    \t\t    <div class=\"builder-contact-field builder-contact-field-email builder-contact-text-field\">\n\t\t\t    <label class=\"control-label\" for=\"tb_kc3j188-contact-email\">\n\t\t\t\t\t\t\t\t\t\t<span class=\"tb-label-span\">E-mail <\/span><span class=\"required\">*<\/span>\t\t\t\t<\/label>\n\t\t\t    <div class=\"control-input tf_rel\">\n\t\t\t\t    \t\t\t\t\t    <input type=\"email\" name=\"contact-email\" placeholder=\"\" id=\"tb_kc3j188-contact-email\" value=\"\" class=\"form-control\" required>\n\t\t\t\t    \t\t\t\t    \t\t\t    <\/div>\n\t\t<\/div>\n\t    \n\t\t    \t\t    \t\t    <div class=\"builder-contact-field builder-contact-field-extra builder-contact-text-field builder-contact-tel-field\">\n\t\t\t\t\n\t\t\t\t<label class=\"control-label\" for=\"field_extra_tb_kc3j188_0\">\n\t\t\t\t\t\n\t\t\t\t\tPhone\t\t\t\t\t\t\t\t\t\t\t<input type=\"hidden\" name=\"field_extra_name_0\" value=\"Phone\">\n\t\t\t\t\t\t\t\t\t<\/label>\n\t\t\t\t<div class=\"control-input tf_rel\">\n\t\t\t\t\t\t\t\t\t\t\t<input type=\"tel\" name=\"field_extra_0\" id=\"field_extra_tb_kc3j188_0\" placeholder=\"\" class=\"form-control\">\n\t\t\t\t\t\n\t\t\t\t\t\t\t\t\t<\/div>\n\t\t    <\/div>\n\t    \n\t\t    \t\t    <div class=\"builder-contact-field builder-contact-field-message builder-contact-textarea-field\">\n\t\t\t    <label class=\"control-label\" for=\"tb_kc3j188-contact-message\">\n\t\t\t\t\t\t\t\t\t\t<span class=\"tb-label-span\">Your Message <\/span>\t\t\t\t<\/label>\n\t\t\t    <div class=\"control-input tf_rel\">\n\t\t\t\t    \t\t\t\t\t    <textarea name=\"contact-message\" placeholder=\"\" id=\"tb_kc3j188-contact-message\" class=\"form-control\"><\/textarea>\n\t\t\t\t    \t\t\t\t    \t\t\t    <\/div>\n\t\t<\/div>\n\t    \n\t\t    \t\t\n\t\t\n\t    \n\t    <div class=\"builder-contact-field builder-contact-field-send control-input tf_textl tf_clear tf_rel\">\n\t\t\t<button type=\"submit\" class=\"btn btn-primary\">\n\t\t\t\t<span class=\"tf_loader\"><\/span>\t\t\t\t<span class=\"tf_submit_icon\"><\/span> \n\t\t\t\tSUBMIT\t\t\t<\/button>\n\t    <\/div>\n\t<\/div>\n    <\/form>\n    <\/div>\n<!-- \/module contact -->\n        <\/div>\n                    <div  data-lazy=\"1\" class=\"module_column tb-column col4-2 tb_qp2l646 last\">\n                    <!-- module plain text -->\n<div  class=\"module module-plain-text tb_3zow27 \" data-lazy=\"1\">\n        <div class=\"tb_text_wrap\">\n    <iframe src=\"https:\/\/www.google.com\/maps\/embed?pb=!1m18!1m12!1m3!1d3010.752957005469!2d29.206345376636087!3d41.00878007135046!2m3!1f0!2f0!3f0!3m2!1i1024!2i768!4f13.1!3m3!1m2!1s0x14cada4da0885177%3A0x4cc6b5587c60df61!2sINCOMAR%20G%C3%B6zetim%20Ekspertiz%20Hizmetleri%20Ltd.%20%C5%9Eti.!5e0!3m2!1str!2str!4v1733241466375!5m2!1str!2str\" width=\"600\" height=\"450\" style=\"border:0;\" allowfullscreen=\"\" loading=\"lazy\" referrerpolicy=\"no-referrer-when-downgrade\"><\/iframe>    <\/div>\n<\/div>\n<!-- \/module plain text -->        <\/div>\n                        <\/div>\n        <\/div>\n                        <div  data-lazy=\"1\" class=\"module_row themify_builder_row tb_22gu524 tf_w\">\n                        <div class=\"row_inner col_align_top tb_col_count_2 tf_box tf_rel\">\n                        <div  data-lazy=\"1\" class=\"module_column tb-column col4-2 tb_8ss4524 first\">\n                    <!-- module text -->\n<div  class=\"module module-text tb_pawv973   \" data-lazy=\"1\">\n        <div  class=\"tb_text_wrap\">\n        <div class=\"wpb_column vc_column_container vc_col-sm-12 vc_col-lg-6\">\n<div class=\"vc_column-inner vc_custom_1493044081411\">\n<div class=\"wpb_wrapper\">\n<div class=\" contact-info\">\n<ul class=\"clean-list\">\n<li>\n<div class=\"row\">\n<div class=\"col-xs-10\">\n<h5 class=\"uppercase text-alpha contact-info-title\">Metin Yaz\u0131c\u0131<\/h5>\n<p>General Manager : +90 532 710 89 95<\/p>\n<\/div>\n<\/div>\n<\/li>\n<li>\n<div class=\"row\">\n<div class=\"col-xs-10\">\n<h5 class=\"uppercase text-alpha contact-info-title\">Esra G\u00fcrs\u00fcrer<\/h5>\n<p>Assistant General Manager : +90 532 253 87 38<\/p>\n<\/div>\n<\/div>\n<\/li>\n<li>\n<div class=\"row\">\n<div class=\"col-xs-10\">\n<h5 class=\"uppercase text-alpha contact-info-title\">Salih Tayfur G\u00fcnay<\/h5>\n<p>Operations Manager : +90 542 306 24 02<\/p>\n<\/div>\n<\/div>\n<\/li>\n<\/ul>\n<\/div>\n<\/div>\n<\/div>\n<\/div>\n<div class=\"wpb_column vc_column_container vc_col-sm-12 vc_col-lg-6\">\n<div class=\"vc_column-inner vc_custom_1506426646402\">\n<div class=\"wpb_wrapper\">\n<div class=\"wpb_text_column wpb_content_element vc_custom_1551266789969\"><\/div>\n<\/div>\n<\/div>\n<\/div>\n    <\/div>\n<\/div>\n<!-- \/module text -->        <\/div>\n                    <div  data-lazy=\"1\" class=\"module_column tb-column col4-2 tb_1ayq826 last\">\n                    <!-- module text -->\n<div  class=\"module module-text tb_jpxx341   \" data-lazy=\"1\">\n        <div  class=\"tb_text_wrap\">\n        <p><strong>INCOMAR G\u00f6zetim Ekspertiz Hizmetleri Ltd. \u015eti.<\/strong><\/p>\n<p><strong>\u0130zmir (Center)<\/strong>: Sakran Sayfiye Mahallesi 3388 Sokak No:10 \u2013 Alia\u011fa\/\u0130zmir<\/p>\n<p><strong>Phone<\/strong>\u00a0: 0 (216) 648 20 30<br><strong>E-Mail<\/strong>\u00a0:\u00a0<a href=\"mailto:incomar@incomarinspection.com\">incomar@incomarinspection.com<\/a><\/p>    <\/div>\n<\/div>\n<!-- \/module text -->        <\/div>\n                        <\/div>\n        <\/div>\n        <\/div>\n<!--\/themify_builder_content-->","protected":false},"excerpt":{"rendered":"<p>Name * E-mail * Phone Your Message SUBMIT Metin Yaz\u0131c\u0131 General Manager : +90 532 710 89 95 Esra G\u00fcrs\u00fcrer Assistant General Manager : +90 532 253 87 38 Salih Tayfur G\u00fcnay Operations Manager : +90 542 306 24 02 INCOMAR G\u00f6zetim Ekspertiz Hizmetleri Ltd. \u015eti. \u0130zmir (Center): Sakran Sayfiye Mahallesi 3388 Sokak No:10 \u2013 [&hellip;]<\/p>\n","protected":false},"author":1,"featured_media":0,"parent":0,"menu_order":0,"comment_status":"closed","ping_status":"closed","template":"","meta":{"footnotes":""},"class_list":["post-1483","page","type-page","status-publish","hentry","has-post-title","has-post-date","has-post-category","has-post-tag","has-post-comment","has-post-author",""],"yoast_head":"<!-- This site is optimized with the Yoast SEO plugin v26.6 - https:\/\/yoast.com\/wordpress\/plugins\/seo\/ -->\n<title>Contact - Incomar Inspection<\/title>\n<meta name=\"robots\" content=\"index, follow, max-snippet:-1, max-image-preview:large, max-video-preview:-1\" \/>\n<link rel=\"canonical\" href=\"https:\/\/www.incomarinspection.com\/iletisim\/\" \/>\n<meta property=\"og:locale\" content=\"en_US\" \/>\n<meta property=\"og:type\" content=\"article\" \/>\n<meta property=\"og:title\" content=\"Contact - Incomar Inspection\" \/>\n<meta property=\"og:description\" content=\"Name * E-mail * Phone Your Message SUBMIT Metin Yaz\u0131c\u0131 General Manager : +90 532 710 89 95 Esra G\u00fcrs\u00fcrer Assistant General Manager : +90 532 253 87 38 Salih Tayfur G\u00fcnay Operations Manager : +90 542 306 24 02 INCOMAR G\u00f6zetim Ekspertiz Hizmetleri Ltd. \u015eti. \u0130zmir (Center): Sakran Sayfiye Mahallesi 3388 Sokak No:10 \u2013 [&hellip;]\" \/>\n<meta property=\"og:url\" content=\"https:\/\/www.incomarinspection.com\/iletisim\/\" \/>\n<meta property=\"og:site_name\" content=\"Incomar Inspection\" \/>\n<meta property=\"article:modified_time\" content=\"2025-12-15T14:40:27+00:00\" \/>\n<meta name=\"twitter:card\" content=\"summary_large_image\" \/>\n<script type=\"application\/ld+json\" class=\"yoast-schema-graph\">{\"@context\":\"https:\/\/schema.org\",\"@graph\":[{\"@type\":\"WebPage\",\"@id\":\"https:\/\/www.incomarinspection.com\/iletisim\/\",\"url\":\"https:\/\/www.incomarinspection.com\/iletisim\/\",\"name\":\"Contact - Incomar Inspection\",\"isPartOf\":{\"@id\":\"https:\/\/www.incomarinspection.com\/#website\"},\"datePublished\":\"2024-11-27T05:19:48+00:00\",\"dateModified\":\"2025-12-15T14:40:27+00:00\",\"breadcrumb\":{\"@id\":\"https:\/\/www.incomarinspection.com\/iletisim\/#breadcrumb\"},\"inLanguage\":\"en-US\",\"potentialAction\":[{\"@type\":\"ReadAction\",\"target\":[\"https:\/\/www.incomarinspection.com\/iletisim\/\"]}]},{\"@type\":\"BreadcrumbList\",\"@id\":\"https:\/\/www.incomarinspection.com\/iletisim\/#breadcrumb\",\"itemListElement\":[{\"@type\":\"ListItem\",\"position\":1,\"name\":\"Anasayfa\",\"item\":\"https:\/\/www.incomarinspection.com\/en\/\"},{\"@type\":\"ListItem\",\"position\":2,\"name\":\"Contact\"}]},{\"@type\":\"WebSite\",\"@id\":\"https:\/\/www.incomarinspection.com\/#website\",\"url\":\"https:\/\/www.incomarinspection.com\/\",\"name\":\"Incomar Inspection\",\"description\":\"\",\"publisher\":{\"@id\":\"https:\/\/www.incomarinspection.com\/#organization\"},\"potentialAction\":[{\"@type\":\"SearchAction\",\"target\":{\"@type\":\"EntryPoint\",\"urlTemplate\":\"https:\/\/www.incomarinspection.com\/?s={search_term_string}\"},\"query-input\":{\"@type\":\"PropertyValueSpecification\",\"valueRequired\":true,\"valueName\":\"search_term_string\"}}],\"inLanguage\":\"en-US\"},{\"@type\":\"Organization\",\"@id\":\"https:\/\/www.incomarinspection.com\/#organization\",\"name\":\"Incomar Inspection\",\"url\":\"https:\/\/www.incomarinspection.com\/\",\"logo\":{\"@type\":\"ImageObject\",\"inLanguage\":\"en-US\",\"@id\":\"https:\/\/www.incomarinspection.com\/#\/schema\/logo\/image\/\",\"url\":\"https:\/\/www.incomarinspection.com\/wp-content\/uploads\/2024\/11\/imcomar-logo-beyaz.png\",\"contentUrl\":\"https:\/\/www.incomarinspection.com\/wp-content\/uploads\/2024\/11\/imcomar-logo-beyaz.png\",\"width\":377,\"height\":100,\"caption\":\"Incomar Inspection\"},\"image\":{\"@id\":\"https:\/\/www.incomarinspection.com\/#\/schema\/logo\/image\/\"}}]}<\/script>\n<!-- \/ Yoast SEO plugin. -->","yoast_head_json":{"title":"Contact - Incomar Inspection","robots":{"index":"index","follow":"follow","max-snippet":"max-snippet:-1","max-image-preview":"max-image-preview:large","max-video-preview":"max-video-preview:-1"},"canonical":"https:\/\/www.incomarinspection.com\/iletisim\/","og_locale":"en_US","og_type":"article","og_title":"Contact - Incomar Inspection","og_description":"Name * E-mail * Phone Your Message SUBMIT Metin Yaz\u0131c\u0131 General Manager : +90 532 710 89 95 Esra G\u00fcrs\u00fcrer Assistant General Manager : +90 532 253 87 38 Salih Tayfur G\u00fcnay Operations Manager : +90 542 306 24 02 INCOMAR G\u00f6zetim Ekspertiz Hizmetleri Ltd. \u015eti. \u0130zmir (Center): Sakran Sayfiye Mahallesi 3388 Sokak No:10 \u2013 [&hellip;]","og_url":"https:\/\/www.incomarinspection.com\/iletisim\/","og_site_name":"Incomar Inspection","article_modified_time":"2025-12-15T14:40:27+00:00","twitter_card":"summary_large_image","schema":{"@context":"https:\/\/schema.org","@graph":[{"@type":"WebPage","@id":"https:\/\/www.incomarinspection.com\/iletisim\/","url":"https:\/\/www.incomarinspection.com\/iletisim\/","name":"Contact - Incomar Inspection","isPartOf":{"@id":"https:\/\/www.incomarinspection.com\/#website"},"datePublished":"2024-11-27T05:19:48+00:00","dateModified":"2025-12-15T14:40:27+00:00","breadcrumb":{"@id":"https:\/\/www.incomarinspection.com\/iletisim\/#breadcrumb"},"inLanguage":"en-US","potentialAction":[{"@type":"ReadAction","target":["https:\/\/www.incomarinspection.com\/iletisim\/"]}]},{"@type":"BreadcrumbList","@id":"https:\/\/www.incomarinspection.com\/iletisim\/#breadcrumb","itemListElement":[{"@type":"ListItem","position":1,"name":"Anasayfa","item":"https:\/\/www.incomarinspection.com\/en\/"},{"@type":"ListItem","position":2,"name":"Contact"}]},{"@type":"WebSite","@id":"https:\/\/www.incomarinspection.com\/#website","url":"https:\/\/www.incomarinspection.com\/","name":"Incomar Inspection","description":"","publisher":{"@id":"https:\/\/www.incomarinspection.com\/#organization"},"potentialAction":[{"@type":"SearchAction","target":{"@type":"EntryPoint","urlTemplate":"https:\/\/www.incomarinspection.com\/?s={search_term_string}"},"query-input":{"@type":"PropertyValueSpecification","valueRequired":true,"valueName":"search_term_string"}}],"inLanguage":"en-US"},{"@type":"Organization","@id":"https:\/\/www.incomarinspection.com\/#organization","name":"Incomar Inspection","url":"https:\/\/www.incomarinspection.com\/","logo":{"@type":"ImageObject","inLanguage":"en-US","@id":"https:\/\/www.incomarinspection.com\/#\/schema\/logo\/image\/","url":"https:\/\/www.incomarinspection.com\/wp-content\/uploads\/2024\/11\/imcomar-logo-beyaz.png","contentUrl":"https:\/\/www.incomarinspection.com\/wp-content\/uploads\/2024\/11\/imcomar-logo-beyaz.png","width":377,"height":100,"caption":"Incomar Inspection"},"image":{"@id":"https:\/\/www.incomarinspection.com\/#\/schema\/logo\/image\/"}}]}},"_links":{"self":[{"href":"https:\/\/www.incomarinspection.com\/en\/wp-json\/wp\/v2\/pages\/1483","targetHints":{"allow":["GET"]}}],"collection":[{"href":"https:\/\/www.incomarinspection.com\/en\/wp-json\/wp\/v2\/pages"}],"about":[{"href":"https:\/\/www.incomarinspection.com\/en\/wp-json\/wp\/v2\/types\/page"}],"author":[{"embeddable":true,"href":"https:\/\/www.incomarinspection.com\/en\/wp-json\/wp\/v2\/users\/1"}],"replies":[{"embeddable":true,"href":"https:\/\/www.incomarinspection.com\/en\/wp-json\/wp\/v2\/comments?post=1483"}],"version-history":[{"count":8,"href":"https:\/\/www.incomarinspection.com\/en\/wp-json\/wp\/v2\/pages\/1483\/revisions"}],"predecessor-version":[{"id":9697,"href":"https:\/\/www.incomarinspection.com\/en\/wp-json\/wp\/v2\/pages\/1483\/revisions\/9697"}],"wp:attachment":[{"href":"https:\/\/www.incomarinspection.com\/en\/wp-json\/wp\/v2\/media?parent=1483"}],"curies":[{"name":"wp","href":"https:\/\/api.w.org\/{rel}","templated":true}]}}